{"id":2506,"date":"2023-12-30T14:43:13","date_gmt":"2023-12-30T14:43:13","guid":{"rendered":"https:\/\/www.altijdcontent.eu\/?page_id=2506"},"modified":"2025-12-23T19:07:37","modified_gmt":"2025-12-23T19:07:37","slug":"onze-stichting","status":"publish","type":"page","link":"https:\/\/www.altijdcontent.eu\/?page_id=2506","title":{"rendered":"Onze Stichting."},"content":{"rendered":"<p><strong>Welkom op de website van<span style=\"color: #b5741f;\"> Stichting Altijd Content<\/span>.<\/strong><\/p>\n<p>DE DOELSTELLING;<br \/>\nOnze Stichting is opgericht in 2007 te Woerden omdat dit voorheen onze woonplaats was. Wij hebben tot doel het verlenen van directe hulp aan hulpbehoevende kinderen en volwassenen in Letland. Voorts al wat met \u00e9\u00e9n en ander rechtstreeks of zijdelings verband houdt of daartoe bevorderlijk kan zijn, alles in de ruimste zin van het woord.<br \/>\nIn 2026 zetten wij onze doelstelling voort zoals die bij onze oprichting notarieel\u00a0 is vastgelegd en hopen dit de komende jaren ook te kunnen en mogen doen.<\/p>\n<p>WAARMEE KUNT U ONS HELPEN?<br \/>\nSchoolspullen;<br \/>\nKleding voor alle leeftijden, schoenen, speelgoed,<br \/>\nBed- en linnengoed;<br \/>\nVerbandmiddelen en hulpmiddelen;<br \/>\nRestanten uit kraampakketten \/ Incontinentie materialen;<br \/>\nFinanci\u00eble hulp is zeer welkom wij krijgen (nog) geen subsidie<\/p>\n<p><strong><span style=\"font-size: 10.0pt;\">LETLAND:<\/span><\/strong><b><span style=\"font-size: 10.0pt;\"><br \/>\n<\/span><\/b>Wij zijn in contact gekomen met zuster Victema uit Venlo van de orde van de Dominicanessen. Tijdens onze kennismaking met haar kwam ter sprake, dat ze naar Letland moest om in een achterstandswijk van Riga om een klooster te gaan leiden. Ook was er een zondagsschool ondergebracht in het klooster. In 2023 is het klooster gesloten, maar onze huidige contactpersoon zuster Diana verblijft nog wel in Riga.<\/p>\n<p><strong>WAAR NIETS IS, IS ALLES WELKOM!<\/strong><b><br \/>\n<\/b><span style=\"font-size: 10.0pt;\">Het bovenstaande is een regel uit een van de eerste berichten die wij uit Riga hebben ontvangen en ons steeds bij is gebleven en ons ook altijd bij zal blijven.<br \/>\nNaar aanleiding van deze regel zijn wij meteen aan de slag gegaan met het inzamelen en verzenden van goederen naar Letland.\u00a0<\/span><\/p>\n<p>Nu zou u de indruk kunnen krijgen, alsof de goederen alleen voor Riga bestemd zijn, maar dat is <strong>niet<\/strong> zo. In Riga staat het klooster, dat voor ons een distributiepunt is. Vandaar uit gaan er goederen onder andere naar Lep\u00e3ja, J\u00fcrkalne, Alsunga, Cesvaines, Skaun\u00eb en Vilj\u00e3nupagats. Wat wel in Riga blijft zijn de spullen voor de zondagschool die wij verzenden.<br \/>\n<span style=\"font-size: 10.0pt;\">De kleding, de schoenen, het bedden en linnengoed en het speelgoed wordt GRATIS gegeven aan die mensen die het ook echt hard nodig hebben ongeacht huidskleur of religie.<\/span><\/p>\n<p>&nbsp;<\/p>\n","protected":false},"excerpt":{"rendered":"<p>Welkom op de website van Stichting Altijd Content. DE DOELSTELLING; Onze Stichting is opgericht in 2007 te Woerden omdat dit voorheen onze woonplaats was. Wij hebben tot doel het verlenen van directe hulp aan hulpbehoevende kinderen en volwassenen in Letland. Voorts al wat met \u00e9\u00e9n en ander rechtstreeks of zijdelings verband houdt of daartoe bevorderlijk [&hellip;]<\/p>\n","protected":false},"author":1,"featured_media":0,"parent":0,"menu_order":0,"comment_status":"closed","ping_status":"closed","template":"","meta":{"footnotes":""},"class_list":["post-2506","page","type-page","status-publish","hentry"],"_links":{"self":[{"href":"https:\/\/www.altijdcontent.eu\/index.php?rest_route=\/wp\/v2\/pages\/2506","targetHints":{"allow":["GET"]}}],"collection":[{"href":"https:\/\/www.altijdcontent.eu\/index.php?rest_route=\/wp\/v2\/pages"}],"about":[{"href":"https:\/\/www.altijdcontent.eu\/index.php?rest_route=\/wp\/v2\/types\/page"}],"author":[{"embeddable":true,"href":"https:\/\/www.altijdcontent.eu\/index.php?rest_route=\/wp\/v2\/users\/1"}],"replies":[{"embeddable":true,"href":"https:\/\/www.altijdcontent.eu\/index.php?rest_route=%2Fwp%2Fv2%2Fcomments&post=2506"}],"version-history":[{"count":4,"href":"https:\/\/www.altijdcontent.eu\/index.php?rest_route=\/wp\/v2\/pages\/2506\/revisions"}],"predecessor-version":[{"id":2683,"href":"https:\/\/www.altijdcontent.eu\/index.php?rest_route=\/wp\/v2\/pages\/2506\/revisions\/2683"}],"wp:attachment":[{"href":"https:\/\/www.altijdcontent.eu\/index.php?rest_route=%2Fwp%2Fv2%2Fmedia&parent=2506"}],"curies":[{"name":"wp","href":"https:\/\/api.w.org\/{rel}","templated":true}]}}